{"id":2866,"date":"2021-06-07T08:45:57","date_gmt":"2021-06-07T08:45:57","guid":{"rendered":"https:\/\/mi-registro.com\/politica-de-cookies\/"},"modified":"2026-03-04T07:34:06","modified_gmt":"2026-03-04T07:34:06","slug":"politica-de-cookies","status":"publish","type":"page","link":"https:\/\/mi-registro.com\/ca\/politica-de-cookies\/","title":{"rendered":"Pol\u00edtica de cookies"},"content":{"rendered":"\t\t<div data-elementor-type=\"wp-page\" data-elementor-id=\"2866\" class=\"elementor elementor-2866 elementor-1564\" data-elementor-post-type=\"page\">\n\t\t\t\t\t\t<section class=\"elementor-section elementor-top-section elementor-element elementor-element-4d94fe18 elementor-section-boxed elementor-section-height-default elementor-section-height-default\" data-id=\"4d94fe18\" data-element_type=\"section\" data-e-type=\"section\">\n\t\t\t\t\t\t<div class=\"elementor-container elementor-column-gap-default\">\n\t\t\t\t\t<div class=\"elementor-column elementor-col-100 elementor-top-column elementor-element elementor-element-e4ca18f\" data-id=\"e4ca18f\" data-element_type=\"column\" data-e-type=\"column\">\n\t\t\t<div class=\"elementor-widget-wrap elementor-element-populated\">\n\t\t\t\t\t\t<div class=\"elementor-element elementor-element-3ec7fe45 elementor-widget elementor-widget-text-editor\" data-id=\"3ec7fe45\" data-element_type=\"widget\" data-e-type=\"widget\" data-widget_type=\"text-editor.default\">\n\t\t\t\t<div class=\"elementor-widget-container\">\n\t\t\t\t\t\t\t\t\t\n<h2>Pol\u00edtica de cookies  <\/h2>\n\t\t\t\t\t\t\t\t<\/div>\n\t\t\t\t<\/div>\n\t\t\t\t<div class=\"elementor-element elementor-element-52a4341 elementor-widget elementor-widget-text-editor\" data-id=\"52a4341\" data-element_type=\"widget\" data-e-type=\"widget\" data-widget_type=\"text-editor.default\">\n\t\t\t\t<div class=\"elementor-widget-container\">\n\t\t\t\t\t\t\t\t\t<p>Si vols saber m\u00e9s sobre l&#8217;\u00fas de cookies que realitza aquest lloc web <strong>Mi-registro<\/strong> <b>.com<\/b> <b>,<\/b> ets al lloc indicat. A continuaci\u00f3, explicarem qu\u00e8 s\u00f3n exactament les cookies; quin tipus de cookies utilitzem i per a qu\u00e8; i com pots exercir el teu dret per configurar el teu navegador i desestimar-ne l&#8217;\u00fas de qualsevol.<\/p>\t\t\t\t\t\t\t\t<\/div>\n\t\t\t\t<\/div>\n\t\t\t\t<div class=\"elementor-element elementor-element-f58f418 elementor-widget elementor-widget-text-editor\" data-id=\"f58f418\" data-element_type=\"widget\" data-e-type=\"widget\" data-widget_type=\"text-editor.default\">\n\t\t\t\t<div class=\"elementor-widget-container\">\n\t\t\t\t\t\t\t\t\t<p>Aix\u00f2 s\u00ed, has de saber, que si decideixes no utilitzar algunes galetes, aquest lloc web pot no funcionar perfectament, afectant la teva experi\u00e8ncia dusuari.<\/p>\t\t\t\t\t\t\t\t<\/div>\n\t\t\t\t<\/div>\n\t\t\t\t<div class=\"elementor-element elementor-element-f08de83 elementor-widget elementor-widget-text-editor\" data-id=\"f08de83\" data-element_type=\"widget\" data-e-type=\"widget\" data-widget_type=\"text-editor.default\">\n\t\t\t\t<div class=\"elementor-widget-container\">\n\t\t\t\t\t\t\t\t\t<h4><b>QU\u00c8 \u00c9S UNA COOKIE<\/b><\/h4>\t\t\t\t\t\t\t\t<\/div>\n\t\t\t\t<\/div>\n\t\t\t\t<div class=\"elementor-element elementor-element-e1cfcfc elementor-widget elementor-widget-text-editor\" data-id=\"e1cfcfc\" data-element_type=\"widget\" data-e-type=\"widget\" data-widget_type=\"text-editor.default\">\n\t\t\t\t<div class=\"elementor-widget-container\">\n\t\t\t\t\t\t\t\t\t<p>Una <i>galeta<\/i> \u00e9s un fitxer que es descarrega al teu ordinador en accedir a determinades p\u00e0gines web o blocs.<\/p>\t\t\t\t\t\t\t\t<\/div>\n\t\t\t\t<\/div>\n\t\t\t\t<div class=\"elementor-element elementor-element-1d89028 elementor-widget elementor-widget-text-editor\" data-id=\"1d89028\" data-element_type=\"widget\" data-e-type=\"widget\" data-widget_type=\"text-editor.default\">\n\t\t\t\t<div class=\"elementor-widget-container\">\n\t\t\t\t\t\t\t\t\t<p>Les <i>cookies<\/i> permeten a aquesta p\u00e0gina, entre altres coses, emmagatzemar i recuperar informaci\u00f3 sobre els teus h\u00e0bits de navegaci\u00f3 o del teu equip, i depenent de la informaci\u00f3 que continguin i de la manera com utilitzis el teu equip, es poden utilitzar per recon\u00e8ixer-te.<\/p>\t\t\t\t\t\t\t\t<\/div>\n\t\t\t\t<\/div>\n\t\t\t\t<div class=\"elementor-element elementor-element-7bc589b elementor-widget elementor-widget-text-editor\" data-id=\"7bc589b\" data-element_type=\"widget\" data-e-type=\"widget\" data-widget_type=\"text-editor.default\">\n\t\t\t\t<div class=\"elementor-widget-container\">\n\t\t\t\t\t\t\t\t\t<p>El navegador de l&#8217;usuari memoritza cookies al disc dur nom\u00e9s durant la sessi\u00f3 actual ocupant un espai de mem\u00f2ria m\u00ednim i no perjudicant l&#8217;ordinador. Les galetes no contenen cap tipus d&#8217;informaci\u00f3 personal espec\u00edfica, i la majoria s&#8217;esborren del disc dur en finalitzar la sessi\u00f3 de navegador (les anomenades galetes de sessi\u00f3).<\/p>\t\t\t\t\t\t\t\t<\/div>\n\t\t\t\t<\/div>\n\t\t\t\t<div class=\"elementor-element elementor-element-e808ffd elementor-widget elementor-widget-text-editor\" data-id=\"e808ffd\" data-element_type=\"widget\" data-e-type=\"widget\" data-widget_type=\"text-editor.default\">\n\t\t\t\t<div class=\"elementor-widget-container\">\n\t\t\t\t\t\t\t\t\t<p>La majoria dels navegadors accepten com a est\u00e0ndard les galetes i, amb independ\u00e8ncia de les mateixes, permeten o impedeixen en els ajustaments de seguretat les galetes temporals o memoritzades.<\/p>\t\t\t\t\t\t\t\t<\/div>\n\t\t\t\t<\/div>\n\t\t\t\t<div class=\"elementor-element elementor-element-15cc110 elementor-widget elementor-widget-text-editor\" data-id=\"15cc110\" data-element_type=\"widget\" data-e-type=\"widget\" data-widget_type=\"text-editor.default\">\n\t\t\t\t<div class=\"elementor-widget-container\">\n\t\t\t\t\t\t\t\t\t<p>Les galetes s&#8217;associen al navegador, no a la persona, per la qual cosa no solen emmagatzemar informaci\u00f3 sensible sobre tu com targetes de cr\u00e8dit o dades banc\u00e0ries, fotografies o informaci\u00f3 personal, etc. Les dades que guarden s\u00f3n de car\u00e0cter t\u00e8cnic, estad\u00edstiques, prefer\u00e8ncies personals, personalitzaci\u00f3 de continguts, etc.<\/p>\t\t\t\t\t\t\t\t<\/div>\n\t\t\t\t<\/div>\n\t\t\t\t<div class=\"elementor-element elementor-element-12a027f elementor-widget elementor-widget-text-editor\" data-id=\"12a027f\" data-element_type=\"widget\" data-e-type=\"widget\" data-widget_type=\"text-editor.default\">\n\t\t\t\t<div class=\"elementor-widget-container\">\n\t\t\t\t\t\t\t\t\t<h4><b>ACCEPTACI\u00d3 DE LES COOKIES: NORMATIVA VIGENT<\/b><\/h4>\t\t\t\t\t\t\t\t<\/div>\n\t\t\t\t<\/div>\n\t\t\t\t<div class=\"elementor-element elementor-element-800c24b elementor-widget elementor-widget-text-editor\" data-id=\"800c24b\" data-element_type=\"widget\" data-e-type=\"widget\" data-widget_type=\"text-editor.default\">\n\t\t\t\t<div class=\"elementor-widget-container\">\n\t\t\t\t\t\t\t\t\t<p>En accedir a aquest lloc web, i d&#8217;acord amb la normativa vigent en mat\u00e8ria de protecci\u00f3 de dades, us informem de l&#8217;\u00fas de cookies, donant-vos l&#8217;opci\u00f3 d&#8217;acceptar-les expressament i d&#8217;accedir a m\u00e9s informaci\u00f3 a trav\u00e9s d&#8217;aquesta Pol\u00edtica de Cookies.<\/p>\t\t\t\t\t\t\t\t<\/div>\n\t\t\t\t<\/div>\n\t\t\t\t<div class=\"elementor-element elementor-element-9a59518 elementor-widget elementor-widget-text-editor\" data-id=\"9a59518\" data-element_type=\"widget\" data-e-type=\"widget\" data-widget_type=\"text-editor.default\">\n\t\t\t\t<div class=\"elementor-widget-container\">\n\t\t\t\t\t\t\t\t\t<p>Has de saber que, en cas de continuar navegant, estar\u00e0s prestant el teu consentiment per a l&#8217;\u00fas d&#8217;aquestes galetes. Per\u00f2, en qualsevol moment, podr\u00e0s canviar d&#8217;opini\u00f3 i bloquejar-ne la utilitzaci\u00f3 a trav\u00e9s del teu navegador.<\/p>\t\t\t\t\t\t\t\t<\/div>\n\t\t\t\t<\/div>\n\t\t\t\t<div class=\"elementor-element elementor-element-d0fc83e elementor-widget elementor-widget-text-editor\" data-id=\"d0fc83e\" data-element_type=\"widget\" data-e-type=\"widget\" data-widget_type=\"text-editor.default\">\n\t\t\t\t<div class=\"elementor-widget-container\">\n\t\t\t\t\t\t\t\t\t<p>Per a la teva total tranquil\u00b7litat, aquest lloc web compleix amb all\u00f2 estipulat a la normativa vigent en relaci\u00f3 amb l&#8217;\u00fas de les cookies i les teves dades personals:<\/p>\t\t\t\t\t\t\t\t<\/div>\n\t\t\t\t<\/div>\n\t\t\t\t<div class=\"elementor-element elementor-element-6f33608 elementor-widget elementor-widget-text-editor\" data-id=\"6f33608\" data-element_type=\"widget\" data-e-type=\"widget\" data-widget_type=\"text-editor.default\">\n\t\t\t\t<div class=\"elementor-widget-container\">\n\t\t\t\t\t\t\t\t\t<p>El reglament LSSI-CE ( <b>Llei de la societat de la informaci\u00f3 i del comer\u00e7 electr\u00f2nic<\/b> )<\/p>\t\t\t\t\t\t\t\t<\/div>\n\t\t\t\t<\/div>\n\t\t\t\t<div class=\"elementor-element elementor-element-a267195 elementor-widget elementor-widget-text-editor\" data-id=\"a267195\" data-element_type=\"widget\" data-e-type=\"widget\" data-widget_type=\"text-editor.default\">\n\t\t\t\t<div class=\"elementor-widget-container\">\n\t\t\t\t\t\t\t\t\t<p>El <b>RGPD<\/b> ( <b>Reglament (UE) 2016\/679 del Parlament Europeu i del Consell de 27 d&#8217;abril de 2016 relatiu a la protecci\u00f3 de les persones f\u00edsiques<\/b> ), que unifica la regulaci\u00f3 del tractament de les dades personals als pa\u00efsos de la UE.<\/p>\t\t\t\t\t\t\t\t<\/div>\n\t\t\t\t<\/div>\n\t\t\t\t<div class=\"elementor-element elementor-element-9331a59 elementor-widget elementor-widget-text-editor\" data-id=\"9331a59\" data-element_type=\"widget\" data-e-type=\"widget\" data-widget_type=\"text-editor.default\">\n\t\t\t\t<div class=\"elementor-widget-container\">\n\t\t\t\t\t\t\t\t\t<p>Aquesta Pol\u00edtica de Cookies podria modificar-se en qualsevol moment per adaptar-se a novetats normatives o canvis en les nostres activitats, sent vigent la que en cada moment es trobe publicada a la web.<\/p>\t\t\t\t\t\t\t\t<\/div>\n\t\t\t\t<\/div>\n\t\t\t\t<div class=\"elementor-element elementor-element-7a31197 elementor-widget elementor-widget-text-editor\" data-id=\"7a31197\" data-element_type=\"widget\" data-e-type=\"widget\" data-widget_type=\"text-editor.default\">\n\t\t\t\t<div class=\"elementor-widget-container\">\n\t\t\t\t\t\t\t\t\t<h4><b>TIPUS DE COOKIES<\/b><\/h4>\t\t\t\t\t\t\t\t<\/div>\n\t\t\t\t<\/div>\n\t\t\t\t<div class=\"elementor-element elementor-element-03ea5a8 elementor-widget elementor-widget-text-editor\" data-id=\"03ea5a8\" data-element_type=\"widget\" data-e-type=\"widget\" data-widget_type=\"text-editor.default\">\n\t\t\t\t<div class=\"elementor-widget-container\">\n\t\t\t\t\t\t\t\t\t<p>Per poder oferir- <b>te<\/b> una millor experi\u00e8ncia d&#8217;usuari, obtenir dades anal\u00edtiques, emmagatzemar i recuperar informaci\u00f3 sobre els teus h\u00e0bits de navegaci\u00f3 o del teu equip i desenvolupar la seva activitat, aquest lloc web <strong>Mi-registro<\/strong> <b>.com<\/b> utilitza cookies pr\u00f2pies i de tercers.<\/p>\t\t\t\t\t\t\t\t<\/div>\n\t\t\t\t<\/div>\n\t\t\t\t<div class=\"elementor-element elementor-element-d81631c elementor-widget elementor-widget-text-editor\" data-id=\"d81631c\" data-element_type=\"widget\" data-e-type=\"widget\" data-widget_type=\"text-editor.default\">\n\t\t\t\t<div class=\"elementor-widget-container\">\n\t\t\t\t\t\t\t\t\t<p><b>Quins tipus de galetes utilitza aquest lloc web?<\/b><\/p>\t\t\t\t\t\t\t\t<\/div>\n\t\t\t\t<\/div>\n\t\t\t\t<div class=\"elementor-element elementor-element-38b916e elementor-widget elementor-widget-text-editor\" data-id=\"38b916e\" data-element_type=\"widget\" data-e-type=\"widget\" data-widget_type=\"text-editor.default\">\n\t\t\t\t<div class=\"elementor-widget-container\">\n\t\t\t\t\t\t\t\t\t<ul>\n<li><b>Cookies t\u00e8cniques<\/b> : S\u00f3n aquelles que permeten a l&#8217;usuari la navegaci\u00f3 a trav\u00e9s d&#8217;una p\u00e0gina web, plataforma o aplicaci\u00f3 i la utilitzaci\u00f3 de les diferents opcions o serveis que hi hagi com, per exemple, controlar el tr\u00e0nsit i la comunicaci\u00f3 de dades, identificar la sessi\u00f3, accedir a parts d&#8217;acc\u00e9s restringit, recordar els elements que integren una comanda, realitzar un proc\u00e9s de compra d&#8217;una comanda, fer la sol\u00b7licitud d&#8217;inscripci\u00f3 o participar difusi\u00f3 de v\u00eddeos o so o compartir continguts a trav\u00e9s de xarxes socials.<\/li>\n<\/ul>\t\t\t\t\t\t\t\t<\/div>\n\t\t\t\t<\/div>\n\t\t\t\t<div class=\"elementor-element elementor-element-a7db7af elementor-widget elementor-widget-text-editor\" data-id=\"a7db7af\" data-element_type=\"widget\" data-e-type=\"widget\" data-widget_type=\"text-editor.default\">\n\t\t\t\t<div class=\"elementor-widget-container\">\n\t\t\t\t\t\t\t\t\t<ul>\n<li><b>Cookies de personalitzaci\u00f3<\/b> : S\u00f3n aquelles que permeten a l&#8217;usuari accedir al servei amb algunes caracter\u00edstiques de car\u00e0cter general predefinides en funci\u00f3 d&#8217;una s\u00e8rie de criteris al terminal de l&#8217;usuari com ara serien l&#8217;idioma, el tipus de navegador a trav\u00e9s del qual accedeix al servei, la configuraci\u00f3 regional des d&#8217;on accedeix al servei, etc.<\/li>\n<\/ul>\t\t\t\t\t\t\t\t<\/div>\n\t\t\t\t<\/div>\n\t\t\t\t<div class=\"elementor-element elementor-element-5577e11 elementor-widget elementor-widget-text-editor\" data-id=\"5577e11\" data-element_type=\"widget\" data-e-type=\"widget\" data-widget_type=\"text-editor.default\">\n\t\t\t\t<div class=\"elementor-widget-container\">\n\t\t\t\t\t\t\t\t\t<ul>\n<li><b>Cookies d&#8217;an\u00e0lisi<\/b> : S\u00f3n aquelles que ben tractades per nosaltres o per tercers, ens permeten quantificar el nombre d&#8217;usuaris i aix\u00ed realitzar el mesurament i l&#8217;an\u00e0lisi estad\u00edstica de la utilitzaci\u00f3 que fan els usuaris del servei ofert. Per aix\u00f2 s&#8217;analitza la vostra navegaci\u00f3 a la nostra p\u00e0gina web per tal de millorar l&#8217;oferta de productes o serveis que us oferim.<\/li>\n<\/ul>\t\t\t\t\t\t\t\t<\/div>\n\t\t\t\t<\/div>\n\t\t\t\t<div class=\"elementor-element elementor-element-bbbd91e elementor-widget elementor-widget-text-editor\" data-id=\"bbbd91e\" data-element_type=\"widget\" data-e-type=\"widget\" data-widget_type=\"text-editor.default\">\n\t\t\t\t<div class=\"elementor-widget-container\">\n\t\t\t\t\t\t\t\t\t<ul>\n<li><b>Cookies publicit\u00e0ries<\/b> : S\u00f3n aquelles que, ben tractades per nosaltres o per tercers, ens permeten gestionar de la manera m\u00e9s efica\u00e7 possible l&#8217;oferta dels espais publicitaris que hi ha a la p\u00e0gina web, adequant el contingut de l&#8217;anunci al contingut del servei sol\u00b7licitat oa l&#8217;\u00fas que realitzi de la nostra p\u00e0gina web. Per aix\u00f2 podem analitzar els teus h\u00e0bits de navegaci\u00f3 a Internet i podem mostrar publicitat relacionada amb el teu perfil de navegaci\u00f3.<\/li>\n<\/ul>\t\t\t\t\t\t\t\t<\/div>\n\t\t\t\t<\/div>\n\t\t\t\t<div class=\"elementor-element elementor-element-ab0b827 elementor-widget elementor-widget-text-editor\" data-id=\"ab0b827\" data-element_type=\"widget\" data-e-type=\"widget\" data-widget_type=\"text-editor.default\">\n\t\t\t\t<div class=\"elementor-widget-container\">\n\t\t\t\t\t\t\t\t\t<ul>\n<li><b>Cookies de publicitat comportamental<\/b> : S\u00f3n aquelles que permeten la gesti\u00f3, de la manera m\u00e9s efica\u00e7 possible, dels espais publicitaris que, si escau, l&#8217;editor hagi incl\u00f2s en una p\u00e0gina web, aplicaci\u00f3 o plataforma des de la qual presta el servei sol\u00b7licitat. Aquestes cookies emmagatzemen informaci\u00f3 del comportament dels usuaris obtinguda a trav\u00e9s de l&#8217;observaci\u00f3 continuada dels seus h\u00e0bits de navegaci\u00f3, cosa que permet desenvolupar un perfil espec\u00edfic per mostrar publicitat en funci\u00f3 del mateix.<\/li>\n<\/ul>\t\t\t\t\t\t\t\t<\/div>\n\t\t\t\t<\/div>\n\t\t\t\t<div class=\"elementor-element elementor-element-b2e91d1 elementor-widget elementor-widget-text-editor\" data-id=\"b2e91d1\" data-element_type=\"widget\" data-e-type=\"widget\" data-widget_type=\"text-editor.default\">\n\t\t\t\t<div class=\"elementor-widget-container\">\n\t\t\t\t\t\t\t\t\t<ul>\n<li><b>Galetes de tercers<\/b> : Aquesta web <strong>Mi-registro<\/strong> <b>.com<\/b> <b>,<\/b> pot utilitzar serveis de tercers que, per compte de Google, recopilaran informaci\u00f3 amb finalitats estad\u00edstiques, d&#8217;\u00fas del lloc per part de l&#8217;usuari i per a la prestaci\u00f3 d&#8217;altres serveis relacionats amb l&#8217;activitat del lloc web i altres serveis d&#8217;Internet.<\/li>\n<\/ul>\t\t\t\t\t\t\t\t<\/div>\n\t\t\t\t<\/div>\n\t\t\t\t<div class=\"elementor-element elementor-element-8b84938 elementor-widget elementor-widget-text-editor\" data-id=\"8b84938\" data-element_type=\"widget\" data-e-type=\"widget\" data-widget_type=\"text-editor.default\">\n\t\t\t\t<div class=\"elementor-widget-container\">\n\t\t\t\t\t\t\t\t\t<p>En particular, aquest lloc web utilitza Google Analytics, un servei anal\u00edtic de web prestat per Google, Inc. amb domicili als Estats Units amb seu central el 1600 Amphitheatre Parkway, Mountain View, Calif\u00f2rnia 94043. Per a la prestaci\u00f3 d&#8217;aquests serveis, Google utilitza galetes que recopilen la informaci\u00f3, inclosa l&#8217;adre\u00e7a IP de l&#8217;usuari, que ser\u00e0 transmesa, tractada i emmagatzemada per Google en els termes fixats al web Google.com. Aix\u00f2 inclou la possible transmissi\u00f3 d&#8217;aquesta informaci\u00f3 a tercers per raons d&#8217;exig\u00e8ncia legal o quan aquests tercers processin la informaci\u00f3 per compte de Google.<\/p>\t\t\t\t\t\t\t\t<\/div>\n\t\t\t\t<\/div>\n\t\t\t\t<div class=\"elementor-element elementor-element-31f8b24 elementor-widget elementor-widget-text-editor\" data-id=\"31f8b24\" data-element_type=\"widget\" data-e-type=\"widget\" data-widget_type=\"text-editor.default\">\n\t\t\t\t<div class=\"elementor-widget-container\">\n\t\t\t\t\t\t\t\t\t<h4>GESTIONAR I REBUTJAR L&#8217;\u00daS DE COOKIES<\/h4>\t\t\t\t\t\t\t\t<\/div>\n\t\t\t\t<\/div>\n\t\t\t\t<div class=\"elementor-element elementor-element-7c45970 elementor-widget elementor-widget-text-editor\" data-id=\"7c45970\" data-element_type=\"widget\" data-e-type=\"widget\" data-widget_type=\"text-editor.default\">\n\t\t\t\t<div class=\"elementor-widget-container\">\n\t\t\t\t\t\t\t\t\t<p>En qualsevol moment, podeu adaptar la configuraci\u00f3 del navegador per gestionar, desestimar l&#8217;\u00fas de cookies i ser notificat abans que es descarreguin.<\/p>\t\t\t\t\t\t\t\t<\/div>\n\t\t\t\t<\/div>\n\t\t\t\t<div class=\"elementor-element elementor-element-7f82297 elementor-widget elementor-widget-text-editor\" data-id=\"7f82297\" data-element_type=\"widget\" data-e-type=\"widget\" data-widget_type=\"text-editor.default\">\n\t\t\t\t<div class=\"elementor-widget-container\">\n\t\t\t\t\t\t\t\t\t<p>Tamb\u00e9 pots adaptar la configuraci\u00f3 de manera que el navegador rebutgi totes les <i>galetes<\/i> , o \u00fanicament les <i>galetes<\/i> de tercers. I tamb\u00e9 pots eliminar qualsevol de les <i>galetes<\/i> que ja es trobin al teu equip.<\/p>\t\t\t\t\t\t\t\t<\/div>\n\t\t\t\t<\/div>\n\t\t\t\t<div class=\"elementor-element elementor-element-376dfcf elementor-widget elementor-widget-text-editor\" data-id=\"376dfcf\" data-element_type=\"widget\" data-e-type=\"widget\" data-widget_type=\"text-editor.default\">\n\t\t\t\t<div class=\"elementor-widget-container\">\n\t\t\t\t\t\t\t\t\t<p>Per aix\u00f2, has de tenir en compte que haur\u00e0s d&#8217;adaptar per separat la configuraci\u00f3 de cada navegador i equip que utilitzis ja que, com hem comentat anteriorment, les cookies s&#8217;associen al navegador, no a la persona.<\/p>\t\t\t\t\t\t\t\t<\/div>\n\t\t\t\t<\/div>\n\t\t\t\t<div class=\"elementor-element elementor-element-54c2b56 elementor-widget elementor-widget-text-editor\" data-id=\"54c2b56\" data-element_type=\"widget\" data-e-type=\"widget\" data-widget_type=\"text-editor.default\">\n\t\t\t\t<div class=\"elementor-widget-container\">\n\t\t\t\t\t\t\t\t\t<p><a href=\"https:\/\/support.google.com\/chrome\/answer\/95647?hl=es-419\" target=\"_blank\" rel=\"noopener\"><b>Google Chrome<\/b><\/a><\/p>\n<p><a href=\"https:\/\/support.microsoft.com\/es-es\/help\/17442\/windows-internet-explorer-delete-manage-cookies#ie=ie-10\" target=\"_blank\" rel=\"noopener\"><b>Internet Explorer<\/b><\/a><\/p>\n<p><a href=\"https:\/\/support.mozilla.org\/es\/kb\/habilitar-y-deshabilitar-cookies-sitios-web-rastrear-preferencias?redirectlocale=es&amp;redirectslug=habilitar-y-deshabilitar-cookies-que-los-sitios-we\" target=\"_blank\" rel=\"noopener\"><b>Mozilla Firefox<\/b><\/a><\/p>\n<p><a href=\"https:\/\/support.apple.com\/es-es\/HT201265\" target=\"_blank\" rel=\"noopener\"><b>Apple Safari<\/b><\/a><\/p>\t\t\t\t\t\t\t\t<\/div>\n\t\t\t\t<\/div>\n\t\t\t\t<div class=\"elementor-element elementor-element-79389eb elementor-widget elementor-widget-text-editor\" data-id=\"79389eb\" data-element_type=\"widget\" data-e-type=\"widget\" data-widget_type=\"text-editor.default\">\n\t\t\t\t<div class=\"elementor-widget-container\">\n\t\t\t\t\t\t\t\t\t<p>Si teniu qualsevol dubte sobre aquesta Pol\u00edtica de Cookies, podeu contactar amb nosaltres enviant-nos un mail a <strong>hola<\/strong> <b>@wwwarcelona.com<\/b> .<\/p>\t\t\t\t\t\t\t\t<\/div>\n\t\t\t\t<\/div>\n\t\t\t\t\t<\/div>\n\t\t<\/div>\n\t\t\t\t\t<\/div>\n\t\t<\/section>\n\t\t\t\t<\/div>\n\t\t","protected":false},"excerpt":{"rendered":"<p>Pol\u00edtica de cookies Si vols saber m\u00e9s sobre l&#8217;\u00fas de cookies que realitza aquest lloc web Mi-registro .com , ets al lloc indicat. A continuaci\u00f3, explicarem qu\u00e8 s\u00f3n exactament les cookies; quin tipus de cookies utilitzem i per a qu\u00e8; i com pots exercir el teu dret per configurar el teu navegador i desestimar-ne l&#8217;\u00fas [&hellip;]<\/p>\n","protected":false},"author":1,"featured_media":0,"parent":0,"menu_order":0,"comment_status":"closed","ping_status":"closed","template":"","meta":{"_acf_changed":false,"inline_featured_image":false,"footnotes":""},"tags":[],"class_list":["post-2866","page","type-page","status-publish","hentry"],"acf":[],"yoast_head":"<!-- This site is optimized with the Yoast SEO plugin v27.4 - https:\/\/yoast.com\/product\/yoast-seo-wordpress\/ -->\n<title>Pol\u00edtica de cookies<\/title>\n<meta name=\"description\" content=\"Pol\u00edtica de cookies Si vols saber m\u00e9s sobre l&#039;\u00fas de cookies que realitza aquest lloc web Mi-registro .com , ets al lloc indicat. A continuaci\u00f3, explicarem\" \/>\n<meta name=\"robots\" content=\"noindex, nofollow\" \/>\n<meta property=\"og:locale\" content=\"ca_ES\" \/>\n<meta property=\"og:type\" content=\"article\" \/>\n<meta property=\"og:title\" content=\"Pol\u00edtica de cookies\" \/>\n<meta property=\"og:description\" content=\"Pol\u00edtica de cookies Si vols saber m\u00e9s sobre l&#039;\u00fas de cookies que realitza aquest lloc web Mi-registro .com , ets al lloc indicat. A continuaci\u00f3, explicarem\" \/>\n<meta property=\"og:url\" content=\"https:\/\/mi-registro.com\/ca\/politica-de-cookies\/\" \/>\n<meta property=\"og:site_name\" content=\"Mi Registro\" \/>\n<meta property=\"article:modified_time\" content=\"2026-03-04T07:34:06+00:00\" \/>\n<meta name=\"twitter:card\" content=\"summary_large_image\" \/>\n<meta name=\"twitter:label1\" content=\"Temps estimat de lectura\" \/>\n\t<meta name=\"twitter:data1\" content=\"6 minuts\" \/>\n<!-- \/ Yoast SEO plugin. -->","yoast_head_json":{"title":"Pol\u00edtica de cookies","description":"Pol\u00edtica de cookies Si vols saber m\u00e9s sobre l'\u00fas de cookies que realitza aquest lloc web Mi-registro .com , ets al lloc indicat. A continuaci\u00f3, explicarem","robots":{"index":"noindex","follow":"nofollow"},"og_locale":"ca_ES","og_type":"article","og_title":"Pol\u00edtica de cookies","og_description":"Pol\u00edtica de cookies Si vols saber m\u00e9s sobre l'\u00fas de cookies que realitza aquest lloc web Mi-registro .com , ets al lloc indicat. A continuaci\u00f3, explicarem","og_url":"https:\/\/mi-registro.com\/ca\/politica-de-cookies\/","og_site_name":"Mi Registro","article_modified_time":"2026-03-04T07:34:06+00:00","twitter_card":"summary_large_image","twitter_misc":{"Temps estimat de lectura":"6 minuts"},"schema":{"@context":"https:\/\/schema.org","@graph":[{"@type":"WebPage","@id":"https:\/\/mi-registro.com\/ca\/politica-de-cookies\/","url":"https:\/\/mi-registro.com\/ca\/politica-de-cookies\/","name":"Pol\u00edtica de cookies","isPartOf":{"@id":"https:\/\/mi-registro.com\/#website"},"datePublished":"2021-06-07T08:45:57+00:00","dateModified":"2026-03-04T07:34:06+00:00","description":"Pol\u00edtica de cookies Si vols saber m\u00e9s sobre l'\u00fas de cookies que realitza aquest lloc web Mi-registro .com , ets al lloc indicat. A continuaci\u00f3, explicarem","breadcrumb":{"@id":"https:\/\/mi-registro.com\/ca\/politica-de-cookies\/#breadcrumb"},"inLanguage":"ca","potentialAction":[{"@type":"ReadAction","target":["https:\/\/mi-registro.com\/ca\/politica-de-cookies\/"]}]},{"@type":"BreadcrumbList","@id":"https:\/\/mi-registro.com\/ca\/politica-de-cookies\/#breadcrumb","itemListElement":[{"@type":"ListItem","position":1,"name":"Portada","item":"https:\/\/mi-registro.com\/"},{"@type":"ListItem","position":2,"name":"Pol\u00edtica de cookies"}]},{"@type":"WebSite","@id":"https:\/\/mi-registro.com\/#website","url":"https:\/\/mi-registro.com\/","name":"Mi Registro","description":"Control Horario Trabajadores - Simple y Econ\u00f3mico","publisher":{"@id":"https:\/\/mi-registro.com\/#organization"},"potentialAction":[{"@type":"SearchAction","target":{"@type":"EntryPoint","urlTemplate":"https:\/\/mi-registro.com\/?s={search_term_string}"},"query-input":{"@type":"PropertyValueSpecification","valueRequired":true,"valueName":"search_term_string"}}],"inLanguage":"ca"},{"@type":"Organization","@id":"https:\/\/mi-registro.com\/#organization","name":"Mi-registro","url":"https:\/\/mi-registro.com\/","logo":{"@type":"ImageObject","inLanguage":"ca","@id":"https:\/\/mi-registro.com\/#\/schema\/logo\/image\/","url":"https:\/\/mi-registro.com\/wp-content\/uploads\/2021\/05\/logo.svg","contentUrl":"https:\/\/mi-registro.com\/wp-content\/uploads\/2021\/05\/logo.svg","width":210,"height":75,"caption":"Mi-registro"},"image":{"@id":"https:\/\/mi-registro.com\/#\/schema\/logo\/image\/"}}]}},"_links":{"self":[{"href":"https:\/\/mi-registro.com\/ca\/wp-json\/wp\/v2\/pages\/2866","targetHints":{"allow":["GET"]}}],"collection":[{"href":"https:\/\/mi-registro.com\/ca\/wp-json\/wp\/v2\/pages"}],"about":[{"href":"https:\/\/mi-registro.com\/ca\/wp-json\/wp\/v2\/types\/page"}],"author":[{"embeddable":true,"href":"https:\/\/mi-registro.com\/ca\/wp-json\/wp\/v2\/users\/1"}],"replies":[{"embeddable":true,"href":"https:\/\/mi-registro.com\/ca\/wp-json\/wp\/v2\/comments?post=2866"}],"version-history":[{"count":1,"href":"https:\/\/mi-registro.com\/ca\/wp-json\/wp\/v2\/pages\/2866\/revisions"}],"predecessor-version":[{"id":15225,"href":"https:\/\/mi-registro.com\/ca\/wp-json\/wp\/v2\/pages\/2866\/revisions\/15225"}],"wp:attachment":[{"href":"https:\/\/mi-registro.com\/ca\/wp-json\/wp\/v2\/media?parent=2866"}],"wp:term":[{"taxonomy":"post_tag","embeddable":true,"href":"https:\/\/mi-registro.com\/ca\/wp-json\/wp\/v2\/tags?post=2866"}],"curies":[{"name":"wp","href":"https:\/\/api.w.org\/{rel}","templated":true}]}}