{"id":14071,"date":"2024-09-05T13:00:41","date_gmt":"2024-09-05T13:00:41","guid":{"rendered":"https:\/\/mi-registro.com\/?post_type=product&#038;p=14071"},"modified":"2026-03-05T11:14:28","modified_gmt":"2026-03-05T11:14:28","slug":"subscripcio-anual","status":"publish","type":"product","link":"https:\/\/mi-registro.com\/ca\/product\/subscripcio-anual\/","title":{"rendered":"Subscripci\u00f3 Anual<\/br> a Mi Registro"},"content":{"rendered":"","protected":false},"excerpt":{"rendered":"<p>Compra el millor control horari del mercat. Perfecte per a PIME amb control i transpar\u00e8ncia total de l&#8217;empresa i una aplicaci\u00f3 m\u00f2bil per als empleats. <\/p>\n<p class=\"destacat\">Qu\u00e8 inclou la subscripci\u00f3 anual de Mi Registro?<\/p>\n<ul style=\"padding-left: 25px;\">\n<li><strong>Legislaci\u00f3 Vigent:<\/strong> Permet un registre de jornada laboral a temps parcial, complet&#8230; dins de la legislaci\u00f3 vigent.<\/li>\n<li><strong>Acc\u00e9s web:<\/strong> L&#8217;empresa pot editar, crear i esborrar horaris, empleats o calendaris. A m\u00e9s de llistats de resum. <\/li>\n<li><strong>App per Validar:<\/strong> Control dhorari dentrada i sortida dempleats des del m\u00f2bil. Gestiona els horaris, les aprovacions i els resums. <\/li>\n<li><strong>Horaris Predefinits:<\/strong> Crea horaris predefinits per als empleats. Exemples: torn nit \/ mat\u00ed, parcial, complet, 80%&#8230; <\/li>\n<li><strong>Calendari Laboral:<\/strong> Calendaris laborals en funci\u00f3 de la teva comunitat i el teu municipi. Modifica dies feiners en funci\u00f3 de la teva empresa. <\/li>\n<li><strong>Mobilitat Geogr\u00e0fica:<\/strong> Registra la jornada en l\u00ednia sense importar on siguis, nom\u00e9s necessites el teu m\u00f2bil, sense restriccions.<\/li>\n<\/ul>\n","protected":false},"featured_media":2534,"comment_status":"closed","ping_status":"closed","template":"","meta":{"_acf_changed":false,"inline_featured_image":false},"product_brand":[],"product_cat":[79],"product_tag":[],"class_list":{"0":"post-14071","1":"product","2":"type-product","3":"status-publish","4":"has-post-thumbnail","6":"product_cat-pime-ca","8":"first","9":"instock","10":"virtual","11":"taxable","12":"purchasable","13":"product-type-simple"},"acf":[],"yoast_head":"<!-- This site is optimized with the Yoast SEO plugin v27.4 - https:\/\/yoast.com\/product\/yoast-seo-wordpress\/ -->\n<title>Subscripci\u00f3 Anual a Mi Registro<\/title>\n<meta name=\"description\" content=\"Compra el millor control horari del mercat. Perfecte per a PIME amb control i transpar\u00e8ncia total de l&#039;empresa i una aplicaci\u00f3 m\u00f2bil per als empleats. Qu\u00e8 inclou la subscripci\u00f3 anual de Mi Registro?   Legislaci\u00f3 Vigent: Permet un registre de jornada laboral a temps parcial, complet... dins de la legislaci\u00f3 vigent.  Acc\u00e9s web: L&#039;empresa pot editar, crear i esborrar horaris, empleats o calendaris. A m\u00e9s de llistats de resum.  App per Validar: Control dhorari dentrada i sortida dempleats des del m\u00f2bil. Gestiona els horaris, les aprovacions i els resums.  Horaris Predefinits: Crea horaris predefinits per als empleats. Exemples: torn nit \/ mat\u00ed, parcial, complet, 80%...  Calendari Laboral: Calendaris laborals en funci\u00f3 de la teva comunitat i el teu municipi. Modifica dies feiners en funci\u00f3 de la teva empresa.  Mobilitat Geogr\u00e0fica: Registra la jornada en l\u00ednia sense importar on siguis, nom\u00e9s necessites el teu m\u00f2bil, sense restriccions.\" \/>\n<meta name=\"robots\" content=\"noindex, nofollow\" \/>\n<meta property=\"og:locale\" content=\"ca_ES\" \/>\n<meta property=\"og:type\" content=\"article\" \/>\n<meta property=\"og:title\" content=\"Subscripci\u00f3 Anual a Mi Registro\" \/>\n<meta property=\"og:description\" content=\"Compra el millor control horari del mercat. Perfecte per a PIME amb control i transpar\u00e8ncia total de l&#039;empresa i una aplicaci\u00f3 m\u00f2bil per als empleats. Qu\u00e8 inclou la subscripci\u00f3 anual de Mi Registro?   Legislaci\u00f3 Vigent: Permet un registre de jornada laboral a temps parcial, complet... dins de la legislaci\u00f3 vigent.  Acc\u00e9s web: L&#039;empresa pot editar, crear i esborrar horaris, empleats o calendaris. A m\u00e9s de llistats de resum.  App per Validar: Control dhorari dentrada i sortida dempleats des del m\u00f2bil. Gestiona els horaris, les aprovacions i els resums.  Horaris Predefinits: Crea horaris predefinits per als empleats. Exemples: torn nit \/ mat\u00ed, parcial, complet, 80%...  Calendari Laboral: Calendaris laborals en funci\u00f3 de la teva comunitat i el teu municipi. Modifica dies feiners en funci\u00f3 de la teva empresa.  Mobilitat Geogr\u00e0fica: Registra la jornada en l\u00ednia sense importar on siguis, nom\u00e9s necessites el teu m\u00f2bil, sense restriccions.\" \/>\n<meta property=\"og:url\" content=\"https:\/\/mi-registro.com\/ca\/product\/subscripcio-anual\/\" \/>\n<meta property=\"og:site_name\" content=\"Mi Registro\" \/>\n<meta property=\"article:modified_time\" content=\"2026-03-05T11:14:28+00:00\" \/>\n<meta property=\"og:image\" content=\"https:\/\/mi-registro.com\/wp-content\/uploads\/2021\/05\/hero-7-def2.png\" \/>\n\t<meta property=\"og:image:width\" content=\"1150\" \/>\n\t<meta property=\"og:image:height\" content=\"679\" \/>\n\t<meta property=\"og:image:type\" content=\"image\/png\" \/>\n<meta name=\"twitter:card\" content=\"summary_large_image\" \/>\n<!-- \/ Yoast SEO plugin. -->","yoast_head_json":{"title":"Subscripci\u00f3 Anual a Mi Registro","description":"Compra el millor control horari del mercat. Perfecte per a PIME amb control i transpar\u00e8ncia total de l'empresa i una aplicaci\u00f3 m\u00f2bil per als empleats. Qu\u00e8 inclou la subscripci\u00f3 anual de Mi Registro?   Legislaci\u00f3 Vigent: Permet un registre de jornada laboral a temps parcial, complet... dins de la legislaci\u00f3 vigent.  Acc\u00e9s web: L'empresa pot editar, crear i esborrar horaris, empleats o calendaris. A m\u00e9s de llistats de resum.  App per Validar: Control dhorari dentrada i sortida dempleats des del m\u00f2bil. Gestiona els horaris, les aprovacions i els resums.  Horaris Predefinits: Crea horaris predefinits per als empleats. Exemples: torn nit \/ mat\u00ed, parcial, complet, 80%...  Calendari Laboral: Calendaris laborals en funci\u00f3 de la teva comunitat i el teu municipi. Modifica dies feiners en funci\u00f3 de la teva empresa.  Mobilitat Geogr\u00e0fica: Registra la jornada en l\u00ednia sense importar on siguis, nom\u00e9s necessites el teu m\u00f2bil, sense restriccions.","robots":{"index":"noindex","follow":"nofollow"},"og_locale":"ca_ES","og_type":"article","og_title":"Subscripci\u00f3 Anual a Mi Registro","og_description":"Compra el millor control horari del mercat. Perfecte per a PIME amb control i transpar\u00e8ncia total de l'empresa i una aplicaci\u00f3 m\u00f2bil per als empleats. Qu\u00e8 inclou la subscripci\u00f3 anual de Mi Registro?   Legislaci\u00f3 Vigent: Permet un registre de jornada laboral a temps parcial, complet... dins de la legislaci\u00f3 vigent.  Acc\u00e9s web: L'empresa pot editar, crear i esborrar horaris, empleats o calendaris. A m\u00e9s de llistats de resum.  App per Validar: Control dhorari dentrada i sortida dempleats des del m\u00f2bil. Gestiona els horaris, les aprovacions i els resums.  Horaris Predefinits: Crea horaris predefinits per als empleats. Exemples: torn nit \/ mat\u00ed, parcial, complet, 80%...  Calendari Laboral: Calendaris laborals en funci\u00f3 de la teva comunitat i el teu municipi. Modifica dies feiners en funci\u00f3 de la teva empresa.  Mobilitat Geogr\u00e0fica: Registra la jornada en l\u00ednia sense importar on siguis, nom\u00e9s necessites el teu m\u00f2bil, sense restriccions.","og_url":"https:\/\/mi-registro.com\/ca\/product\/subscripcio-anual\/","og_site_name":"Mi Registro","article_modified_time":"2026-03-05T11:14:28+00:00","og_image":[{"width":1150,"height":679,"url":"https:\/\/mi-registro.com\/wp-content\/uploads\/2021\/05\/hero-7-def2.png","type":"image\/png"}],"twitter_card":"summary_large_image","schema":{"@context":"https:\/\/schema.org","@graph":[{"@type":"WebPage","@id":"https:\/\/mi-registro.com\/ca\/product\/subscripcio-anual\/","url":"https:\/\/mi-registro.com\/ca\/product\/subscripcio-anual\/","name":"Subscripci\u00f3 Anual a Mi Registro","isPartOf":{"@id":"https:\/\/mi-registro.com\/#website"},"primaryImageOfPage":{"@id":"https:\/\/mi-registro.com\/ca\/product\/subscripcio-anual\/#primaryimage"},"image":{"@id":"https:\/\/mi-registro.com\/ca\/product\/subscripcio-anual\/#primaryimage"},"thumbnailUrl":"https:\/\/mi-registro.com\/wp-content\/uploads\/2021\/05\/hero-7-def2.png","datePublished":"2024-09-05T13:00:41+00:00","dateModified":"2026-03-05T11:14:28+00:00","description":"Compra el millor control horari del mercat. Perfecte per a PIME amb control i transpar\u00e8ncia total de l'empresa i una aplicaci\u00f3 m\u00f2bil per als empleats. Qu\u00e8 inclou la subscripci\u00f3 anual de Mi Registro? Legislaci\u00f3 Vigent: Permet un registre de jornada laboral a temps parcial, complet... dins de la legislaci\u00f3 vigent. Acc\u00e9s web: L'empresa pot editar, crear i esborrar horaris, empleats o calendaris. A m\u00e9s de llistats de resum. App per Validar: Control dhorari dentrada i sortida dempleats des del m\u00f2bil. Gestiona els horaris, les aprovacions i els resums. Horaris Predefinits: Crea horaris predefinits per als empleats. Exemples: torn nit \/ mat\u00ed, parcial, complet, 80%... Calendari Laboral: Calendaris laborals en funci\u00f3 de la teva comunitat i el teu municipi. Modifica dies feiners en funci\u00f3 de la teva empresa. Mobilitat Geogr\u00e0fica: Registra la jornada en l\u00ednia sense importar on siguis, nom\u00e9s necessites el teu m\u00f2bil, sense restriccions.","breadcrumb":{"@id":"https:\/\/mi-registro.com\/ca\/product\/subscripcio-anual\/#breadcrumb"},"inLanguage":"ca","potentialAction":[{"@type":"ReadAction","target":["https:\/\/mi-registro.com\/ca\/product\/subscripcio-anual\/"]}]},{"@type":"ImageObject","inLanguage":"ca","@id":"https:\/\/mi-registro.com\/ca\/product\/subscripcio-anual\/#primaryimage","url":"https:\/\/mi-registro.com\/wp-content\/uploads\/2021\/05\/hero-7-def2.png","contentUrl":"https:\/\/mi-registro.com\/wp-content\/uploads\/2021\/05\/hero-7-def2.png","width":1150,"height":679},{"@type":"BreadcrumbList","@id":"https:\/\/mi-registro.com\/ca\/product\/subscripcio-anual\/#breadcrumb","itemListElement":[{"@type":"ListItem","position":1,"name":"Portada","item":"https:\/\/mi-registro.com\/ca\/el-meu-registre\/"},{"@type":"ListItem","position":2,"name":"Productos","item":"https:\/\/mi-registro.com\/tienda\/"},{"@type":"ListItem","position":3,"name":"Subscripci\u00f3 Anual a Mi Registro"}]},{"@type":"WebSite","@id":"https:\/\/mi-registro.com\/#website","url":"https:\/\/mi-registro.com\/","name":"Mi Registro","description":"Control Horario Trabajadores - Simple y Econ\u00f3mico","publisher":{"@id":"https:\/\/mi-registro.com\/#organization"},"potentialAction":[{"@type":"SearchAction","target":{"@type":"EntryPoint","urlTemplate":"https:\/\/mi-registro.com\/?s={search_term_string}"},"query-input":{"@type":"PropertyValueSpecification","valueRequired":true,"valueName":"search_term_string"}}],"inLanguage":"ca"},{"@type":"Organization","@id":"https:\/\/mi-registro.com\/#organization","name":"Mi-registro","url":"https:\/\/mi-registro.com\/","logo":{"@type":"ImageObject","inLanguage":"ca","@id":"https:\/\/mi-registro.com\/#\/schema\/logo\/image\/","url":"https:\/\/mi-registro.com\/wp-content\/uploads\/2021\/05\/logo.svg","contentUrl":"https:\/\/mi-registro.com\/wp-content\/uploads\/2021\/05\/logo.svg","width":210,"height":75,"caption":"Mi-registro"},"image":{"@id":"https:\/\/mi-registro.com\/#\/schema\/logo\/image\/"}}]}},"_links":{"self":[{"href":"https:\/\/mi-registro.com\/ca\/wp-json\/wp\/v2\/product\/14071","targetHints":{"allow":["GET"]}}],"collection":[{"href":"https:\/\/mi-registro.com\/ca\/wp-json\/wp\/v2\/product"}],"about":[{"href":"https:\/\/mi-registro.com\/ca\/wp-json\/wp\/v2\/types\/product"}],"replies":[{"embeddable":true,"href":"https:\/\/mi-registro.com\/ca\/wp-json\/wp\/v2\/comments?post=14071"}],"wp:featuredmedia":[{"embeddable":true,"href":"https:\/\/mi-registro.com\/ca\/wp-json\/wp\/v2\/media\/2534"}],"wp:attachment":[{"href":"https:\/\/mi-registro.com\/ca\/wp-json\/wp\/v2\/media?parent=14071"}],"wp:term":[{"taxonomy":"product_brand","embeddable":true,"href":"https:\/\/mi-registro.com\/ca\/wp-json\/wp\/v2\/product_brand?post=14071"},{"taxonomy":"product_cat","embeddable":true,"href":"https:\/\/mi-registro.com\/ca\/wp-json\/wp\/v2\/product_cat?post=14071"},{"taxonomy":"product_tag","embeddable":true,"href":"https:\/\/mi-registro.com\/ca\/wp-json\/wp\/v2\/product_tag?post=14071"}],"curies":[{"name":"wp","href":"https:\/\/api.w.org\/{rel}","templated":true}]}}