{"id":15253,"date":"2023-07-25T08:57:48","date_gmt":"2023-07-25T08:57:48","guid":{"rendered":"https:\/\/mi-registro.com\/product\/subscripcio-anual-a-el-meu-registre\/"},"modified":"2026-03-05T09:46:26","modified_gmt":"2026-03-05T09:46:26","slug":"subscripcio-anual-a-el-meu-registre","status":"publish","type":"product","link":"https:\/\/mi-registro.com\/ca\/product\/subscripcio-anual-a-el-meu-registre\/","title":{"rendered":"Subscripci\u00f3 Anual<\/br> a El meu Registre"},"content":{"rendered":"","protected":false},"excerpt":{"rendered":"<p>Compra el millor control horari del mercat. Perfecte per a PIME amb control i transpar\u00e8ncia total de l&#8217;empresa i una aplicaci\u00f3 m\u00f2bil per als empleats. <\/p>\n<p class=\"destacat\">Qu\u00e8 inclou la subscripci\u00f3 anual del meu Registre?<\/p>\n<ul style=\"padding-left: 25px;\">\n<li><strong>Legislaci\u00f3 Vigent:<\/strong> Permet un registre de jornada laboral a temps parcial, complet&#8230; dins de la legislaci\u00f3 vigent.<\/li>\n<li><strong>Acc\u00e9s web:<\/strong> L&#8217;empresa pot editar, crear i esborrar horaris, empleats o calendaris. A m\u00e9s de llistats de resum. <\/li>\n<li><strong>App per Validar:<\/strong> Control dhorari dentrada i sortida dempleats des del m\u00f2bil. Gestiona els horaris, les aprovacions i els resums. <\/li>\n<li><strong>Horaris Predefinits:<\/strong> Crea horaris predefinits per als empleats. Exemples: torn nit \/ mat\u00ed, parcial, complet, 80%&#8230; <\/li>\n<li><strong>Calendari Laboral:<\/strong> Calendaris laborals en funci\u00f3 de la teva comunitat i el teu municipi. Modifica dies feiners en funci\u00f3 de la teva empresa. <\/li>\n<li><strong>Mobilitat Geogr\u00e0fica:<\/strong> Registra la jornada en l\u00ednia sense importar on siguis, nom\u00e9s necessites el teu m\u00f2bil, sense restriccions.<\/li>\n<\/ul>\n<p class=\"destacat\">Com ser\u00e0 la formaci\u00f3 personalitzada?<\/p>\n<p>Un cop hagis completat la comanda, ens posem en contacte per agendar una v\u00eddeo trucada per explicar el funcionament i resoldre qualsevol dubte que pugui sorgir.<\/p>\n","protected":false},"featured_media":2534,"comment_status":"closed","ping_status":"closed","template":"","meta":{"_acf_changed":false,"inline_featured_image":false},"product_brand":[],"product_cat":[79],"product_tag":[],"class_list":{"0":"post-15253","1":"product","2":"type-product","3":"status-publish","4":"has-post-thumbnail","6":"product_cat-pime-ca","8":"first","9":"instock","10":"sale","11":"virtual","12":"taxable","13":"purchasable","14":"product-type-simple"},"acf":[],"yoast_head":"<!-- This site is optimized with the Yoast SEO plugin v27.4 - https:\/\/yoast.com\/product\/yoast-seo-wordpress\/ -->\n<title>Subscripci\u00f3 Anual a El meu Registre<\/title>\n<meta name=\"description\" content=\"Compra el millor control horari del mercat. Perfecte per a PIME amb control i transpar\u00e8ncia total de l&#039;empresa i una aplicaci\u00f3 m\u00f2bil per als empleats. Qu\u00e8 inclou la subscripci\u00f3 anual del meu Registre?   Legislaci\u00f3 Vigent: Permet un registre de jornada laboral a temps parcial, complet... dins de la legislaci\u00f3 vigent.  Acc\u00e9s web: L&#039;empresa pot editar, crear i esborrar horaris, empleats o calendaris. A m\u00e9s de llistats de resum.  App per Validar: Control dhorari dentrada i sortida dempleats des del m\u00f2bil. Gestiona els horaris, les aprovacions i els resums.  Horaris Predefinits: Crea horaris predefinits per als empleats. Exemples: torn nit \/ mat\u00ed, parcial, complet, 80%...  Calendari Laboral: Calendaris laborals en funci\u00f3 de la teva comunitat i el teu municipi. Modifica dies feiners en funci\u00f3 de la teva empresa.  Mobilitat Geogr\u00e0fica: Registra la jornada en l\u00ednia sense importar on siguis, nom\u00e9s necessites el teu m\u00f2bil, sense restriccions. Com ser\u00e0 la formaci\u00f3 personalitzada? Un cop hagis completat la comanda, ens posem en contacte per agendar una v\u00eddeo trucada per explicar el funcionament i resoldre qualsevol dubte que pugui sorgir.\" \/>\n<meta name=\"robots\" content=\"noindex, nofollow\" \/>\n<meta property=\"og:locale\" content=\"ca_ES\" \/>\n<meta property=\"og:type\" content=\"article\" \/>\n<meta property=\"og:title\" content=\"Subscripci\u00f3 Anual a El meu Registre\" \/>\n<meta property=\"og:description\" content=\"Compra el millor control horari del mercat. Perfecte per a PIME amb control i transpar\u00e8ncia total de l&#039;empresa i una aplicaci\u00f3 m\u00f2bil per als empleats. Qu\u00e8 inclou la subscripci\u00f3 anual del meu Registre?   Legislaci\u00f3 Vigent: Permet un registre de jornada laboral a temps parcial, complet... dins de la legislaci\u00f3 vigent.  Acc\u00e9s web: L&#039;empresa pot editar, crear i esborrar horaris, empleats o calendaris. A m\u00e9s de llistats de resum.  App per Validar: Control dhorari dentrada i sortida dempleats des del m\u00f2bil. Gestiona els horaris, les aprovacions i els resums.  Horaris Predefinits: Crea horaris predefinits per als empleats. Exemples: torn nit \/ mat\u00ed, parcial, complet, 80%...  Calendari Laboral: Calendaris laborals en funci\u00f3 de la teva comunitat i el teu municipi. Modifica dies feiners en funci\u00f3 de la teva empresa.  Mobilitat Geogr\u00e0fica: Registra la jornada en l\u00ednia sense importar on siguis, nom\u00e9s necessites el teu m\u00f2bil, sense restriccions. Com ser\u00e0 la formaci\u00f3 personalitzada? Un cop hagis completat la comanda, ens posem en contacte per agendar una v\u00eddeo trucada per explicar el funcionament i resoldre qualsevol dubte que pugui sorgir.\" \/>\n<meta property=\"og:url\" content=\"https:\/\/mi-registro.com\/ca\/product\/subscripcio-anual-a-el-meu-registre\/\" \/>\n<meta property=\"og:site_name\" content=\"Mi Registro\" \/>\n<meta property=\"article:modified_time\" content=\"2026-03-05T09:46:26+00:00\" \/>\n<meta property=\"og:image\" content=\"https:\/\/mi-registro.com\/wp-content\/uploads\/2021\/05\/hero-7-def2.png\" \/>\n\t<meta property=\"og:image:width\" content=\"1150\" \/>\n\t<meta property=\"og:image:height\" content=\"679\" \/>\n\t<meta property=\"og:image:type\" content=\"image\/png\" \/>\n<meta name=\"twitter:card\" content=\"summary_large_image\" \/>\n<!-- \/ Yoast SEO plugin. -->","yoast_head_json":{"title":"Subscripci\u00f3 Anual a El meu Registre","description":"Compra el millor control horari del mercat. Perfecte per a PIME amb control i transpar\u00e8ncia total de l'empresa i una aplicaci\u00f3 m\u00f2bil per als empleats. Qu\u00e8 inclou la subscripci\u00f3 anual del meu Registre?   Legislaci\u00f3 Vigent: Permet un registre de jornada laboral a temps parcial, complet... dins de la legislaci\u00f3 vigent.  Acc\u00e9s web: L'empresa pot editar, crear i esborrar horaris, empleats o calendaris. A m\u00e9s de llistats de resum.  App per Validar: Control dhorari dentrada i sortida dempleats des del m\u00f2bil. Gestiona els horaris, les aprovacions i els resums.  Horaris Predefinits: Crea horaris predefinits per als empleats. Exemples: torn nit \/ mat\u00ed, parcial, complet, 80%...  Calendari Laboral: Calendaris laborals en funci\u00f3 de la teva comunitat i el teu municipi. Modifica dies feiners en funci\u00f3 de la teva empresa.  Mobilitat Geogr\u00e0fica: Registra la jornada en l\u00ednia sense importar on siguis, nom\u00e9s necessites el teu m\u00f2bil, sense restriccions. Com ser\u00e0 la formaci\u00f3 personalitzada? Un cop hagis completat la comanda, ens posem en contacte per agendar una v\u00eddeo trucada per explicar el funcionament i resoldre qualsevol dubte que pugui sorgir.","robots":{"index":"noindex","follow":"nofollow"},"og_locale":"ca_ES","og_type":"article","og_title":"Subscripci\u00f3 Anual a El meu Registre","og_description":"Compra el millor control horari del mercat. Perfecte per a PIME amb control i transpar\u00e8ncia total de l'empresa i una aplicaci\u00f3 m\u00f2bil per als empleats. Qu\u00e8 inclou la subscripci\u00f3 anual del meu Registre?   Legislaci\u00f3 Vigent: Permet un registre de jornada laboral a temps parcial, complet... dins de la legislaci\u00f3 vigent.  Acc\u00e9s web: L'empresa pot editar, crear i esborrar horaris, empleats o calendaris. A m\u00e9s de llistats de resum.  App per Validar: Control dhorari dentrada i sortida dempleats des del m\u00f2bil. Gestiona els horaris, les aprovacions i els resums.  Horaris Predefinits: Crea horaris predefinits per als empleats. Exemples: torn nit \/ mat\u00ed, parcial, complet, 80%...  Calendari Laboral: Calendaris laborals en funci\u00f3 de la teva comunitat i el teu municipi. Modifica dies feiners en funci\u00f3 de la teva empresa.  Mobilitat Geogr\u00e0fica: Registra la jornada en l\u00ednia sense importar on siguis, nom\u00e9s necessites el teu m\u00f2bil, sense restriccions. Com ser\u00e0 la formaci\u00f3 personalitzada? Un cop hagis completat la comanda, ens posem en contacte per agendar una v\u00eddeo trucada per explicar el funcionament i resoldre qualsevol dubte que pugui sorgir.","og_url":"https:\/\/mi-registro.com\/ca\/product\/subscripcio-anual-a-el-meu-registre\/","og_site_name":"Mi Registro","article_modified_time":"2026-03-05T09:46:26+00:00","og_image":[{"width":1150,"height":679,"url":"https:\/\/mi-registro.com\/wp-content\/uploads\/2021\/05\/hero-7-def2.png","type":"image\/png"}],"twitter_card":"summary_large_image","schema":{"@context":"https:\/\/schema.org","@graph":[{"@type":"WebPage","@id":"https:\/\/mi-registro.com\/ca\/product\/subscripcio-anual-a-el-meu-registre\/","url":"https:\/\/mi-registro.com\/ca\/product\/subscripcio-anual-a-el-meu-registre\/","name":"Subscripci\u00f3 Anual a El meu Registre","isPartOf":{"@id":"https:\/\/mi-registro.com\/#website"},"primaryImageOfPage":{"@id":"https:\/\/mi-registro.com\/ca\/product\/subscripcio-anual-a-el-meu-registre\/#primaryimage"},"image":{"@id":"https:\/\/mi-registro.com\/ca\/product\/subscripcio-anual-a-el-meu-registre\/#primaryimage"},"thumbnailUrl":"https:\/\/mi-registro.com\/wp-content\/uploads\/2021\/05\/hero-7-def2.png","datePublished":"2023-07-25T08:57:48+00:00","dateModified":"2026-03-05T09:46:26+00:00","description":"Compra el millor control horari del mercat. Perfecte per a PIME amb control i transpar\u00e8ncia total de l'empresa i una aplicaci\u00f3 m\u00f2bil per als empleats. Qu\u00e8 inclou la subscripci\u00f3 anual del meu Registre? Legislaci\u00f3 Vigent: Permet un registre de jornada laboral a temps parcial, complet... dins de la legislaci\u00f3 vigent. Acc\u00e9s web: L'empresa pot editar, crear i esborrar horaris, empleats o calendaris. A m\u00e9s de llistats de resum. App per Validar: Control dhorari dentrada i sortida dempleats des del m\u00f2bil. Gestiona els horaris, les aprovacions i els resums. Horaris Predefinits: Crea horaris predefinits per als empleats. Exemples: torn nit \/ mat\u00ed, parcial, complet, 80%... Calendari Laboral: Calendaris laborals en funci\u00f3 de la teva comunitat i el teu municipi. Modifica dies feiners en funci\u00f3 de la teva empresa. Mobilitat Geogr\u00e0fica: Registra la jornada en l\u00ednia sense importar on siguis, nom\u00e9s necessites el teu m\u00f2bil, sense restriccions. Com ser\u00e0 la formaci\u00f3 personalitzada? Un cop hagis completat la comanda, ens posem en contacte per agendar una v\u00eddeo trucada per explicar el funcionament i resoldre qualsevol dubte que pugui sorgir.","breadcrumb":{"@id":"https:\/\/mi-registro.com\/ca\/product\/subscripcio-anual-a-el-meu-registre\/#breadcrumb"},"inLanguage":"ca","potentialAction":[{"@type":"ReadAction","target":["https:\/\/mi-registro.com\/ca\/product\/subscripcio-anual-a-el-meu-registre\/"]}]},{"@type":"ImageObject","inLanguage":"ca","@id":"https:\/\/mi-registro.com\/ca\/product\/subscripcio-anual-a-el-meu-registre\/#primaryimage","url":"https:\/\/mi-registro.com\/wp-content\/uploads\/2021\/05\/hero-7-def2.png","contentUrl":"https:\/\/mi-registro.com\/wp-content\/uploads\/2021\/05\/hero-7-def2.png","width":1150,"height":679},{"@type":"BreadcrumbList","@id":"https:\/\/mi-registro.com\/ca\/product\/subscripcio-anual-a-el-meu-registre\/#breadcrumb","itemListElement":[{"@type":"ListItem","position":1,"name":"Portada","item":"https:\/\/mi-registro.com\/ca\/el-meu-registre\/"},{"@type":"ListItem","position":2,"name":"Productos","item":"https:\/\/mi-registro.com\/tienda\/"},{"@type":"ListItem","position":3,"name":"Subscripci\u00f3 Anual a El meu Registre"}]},{"@type":"WebSite","@id":"https:\/\/mi-registro.com\/#website","url":"https:\/\/mi-registro.com\/","name":"Mi Registro","description":"Control Horario Trabajadores - Simple y Econ\u00f3mico","publisher":{"@id":"https:\/\/mi-registro.com\/#organization"},"potentialAction":[{"@type":"SearchAction","target":{"@type":"EntryPoint","urlTemplate":"https:\/\/mi-registro.com\/?s={search_term_string}"},"query-input":{"@type":"PropertyValueSpecification","valueRequired":true,"valueName":"search_term_string"}}],"inLanguage":"ca"},{"@type":"Organization","@id":"https:\/\/mi-registro.com\/#organization","name":"Mi-registro","url":"https:\/\/mi-registro.com\/","logo":{"@type":"ImageObject","inLanguage":"ca","@id":"https:\/\/mi-registro.com\/#\/schema\/logo\/image\/","url":"https:\/\/mi-registro.com\/wp-content\/uploads\/2021\/05\/logo.svg","contentUrl":"https:\/\/mi-registro.com\/wp-content\/uploads\/2021\/05\/logo.svg","width":210,"height":75,"caption":"Mi-registro"},"image":{"@id":"https:\/\/mi-registro.com\/#\/schema\/logo\/image\/"}}]}},"_links":{"self":[{"href":"https:\/\/mi-registro.com\/ca\/wp-json\/wp\/v2\/product\/15253","targetHints":{"allow":["GET"]}}],"collection":[{"href":"https:\/\/mi-registro.com\/ca\/wp-json\/wp\/v2\/product"}],"about":[{"href":"https:\/\/mi-registro.com\/ca\/wp-json\/wp\/v2\/types\/product"}],"replies":[{"embeddable":true,"href":"https:\/\/mi-registro.com\/ca\/wp-json\/wp\/v2\/comments?post=15253"}],"wp:featuredmedia":[{"embeddable":true,"href":"https:\/\/mi-registro.com\/ca\/wp-json\/wp\/v2\/media\/2534"}],"wp:attachment":[{"href":"https:\/\/mi-registro.com\/ca\/wp-json\/wp\/v2\/media?parent=15253"}],"wp:term":[{"taxonomy":"product_brand","embeddable":true,"href":"https:\/\/mi-registro.com\/ca\/wp-json\/wp\/v2\/product_brand?post=15253"},{"taxonomy":"product_cat","embeddable":true,"href":"https:\/\/mi-registro.com\/ca\/wp-json\/wp\/v2\/product_cat?post=15253"},{"taxonomy":"product_tag","embeddable":true,"href":"https:\/\/mi-registro.com\/ca\/wp-json\/wp\/v2\/product_tag?post=15253"}],"curies":[{"name":"wp","href":"https:\/\/api.w.org\/{rel}","templated":true}]}}